{"id":606,"date":"2021-01-03T13:56:30","date_gmt":"2021-01-03T12:56:30","guid":{"rendered":"https:\/\/prapi.org\/?page_id=606"},"modified":"2021-01-03T17:51:19","modified_gmt":"2021-01-03T16:51:19","slug":"depende-de-los-2","status":"publish","type":"page","link":"https:\/\/prapi.org\/index.php\/proyectos\/depende-de-los-2\/","title":{"rendered":"Depende de los 2"},"content":{"rendered":"\t\t<div data-elementor-type=\"wp-page\" data-elementor-id=\"606\" class=\"elementor elementor-606\">\n\t\t\t\t\t\t<section class=\"elementor-section elementor-top-section elementor-element elementor-element-d58ea62 elementor-section-boxed elementor-section-height-default elementor-section-height-default\" data-id=\"d58ea62\" data-element_type=\"section\" data-e-type=\"section\" data-settings=\"{&quot;shape_divider_bottom&quot;:&quot;mountains&quot;}\">\n\t\t\t\t\t\t\t<div class=\"elementor-background-overlay\"><\/div>\n\t\t\t\t\t\t<div class=\"elementor-shape elementor-shape-bottom\" aria-hidden=\"true\" data-negative=\"false\">\n\t\t\t<svg xmlns=\"http:\/\/www.w3.org\/2000\/svg\" viewBox=\"0 0 1000 100\" preserveAspectRatio=\"none\">\n\t<path class=\"elementor-shape-fill\" opacity=\"0.33\" d=\"M473,67.3c-203.9,88.3-263.1-34-320.3,0C66,119.1,0,59.7,0,59.7V0h1000v59.7 c0,0-62.1,26.1-94.9,29.3c-32.8,3.3-62.8-12.3-75.8-22.1C806,49.6,745.3,8.7,694.9,4.7S492.4,59,473,67.3z\"\/>\n\t<path class=\"elementor-shape-fill\" opacity=\"0.66\" d=\"M734,67.3c-45.5,0-77.2-23.2-129.1-39.1c-28.6-8.7-150.3-10.1-254,39.1 s-91.7-34.4-149.2,0C115.7,118.3,0,39.8,0,39.8V0h1000v36.5c0,0-28.2-18.5-92.1-18.5C810.2,18.1,775.7,67.3,734,67.3z\"\/>\n\t<path class=\"elementor-shape-fill\" d=\"M766.1,28.9c-200-57.5-266,65.5-395.1,19.5C242,1.8,242,5.4,184.8,20.6C128,35.8,132.3,44.9,89.9,52.5C28.6,63.7,0,0,0,0 h1000c0,0-9.9,40.9-83.6,48.1S829.6,47,766.1,28.9z\"\/>\n<\/svg>\t\t<\/div>\n\t\t\t\t\t<div class=\"elementor-container elementor-column-gap-default\">\n\t\t\t\t\t<div class=\"elementor-column elementor-col-100 elementor-top-column elementor-element elementor-element-978314f\" data-id=\"978314f\" data-element_type=\"column\" data-e-type=\"column\">\n\t\t\t<div class=\"elementor-widget-wrap elementor-element-populated\">\n\t\t\t\t\t\t<div class=\"elementor-element elementor-element-fe4411c elementor-invisible elementor-widget elementor-widget-heading\" data-id=\"fe4411c\" data-element_type=\"widget\" data-e-type=\"widget\" data-settings=\"{&quot;_animation&quot;:&quot;fadeIn&quot;}\" data-widget_type=\"heading.default\">\n\t\t\t\t<div class=\"elementor-widget-container\">\n\t\t\t\t\t<h2 class=\"elementor-heading-title elementor-size-default\">Depende de los 2<\/h2>\t\t\t\t<\/div>\n\t\t\t\t<\/div>\n\t\t\t\t\t<\/div>\n\t\t<\/div>\n\t\t\t\t\t<\/div>\n\t\t<\/section>\n\t\t\t\t<section class=\"elementor-section elementor-top-section elementor-element elementor-element-8c50dbd elementor-section-full_width elementor-section-height-default elementor-section-height-default\" data-id=\"8c50dbd\" data-element_type=\"section\" data-e-type=\"section\" data-settings=\"{&quot;shape_divider_top&quot;:&quot;mountains&quot;,&quot;shape_divider_bottom&quot;:&quot;mountains&quot;}\">\n\t\t\t\t\t<div class=\"elementor-shape elementor-shape-top\" aria-hidden=\"true\" data-negative=\"false\">\n\t\t\t<svg xmlns=\"http:\/\/www.w3.org\/2000\/svg\" viewBox=\"0 0 1000 100\" preserveAspectRatio=\"none\">\n\t<path class=\"elementor-shape-fill\" opacity=\"0.33\" d=\"M473,67.3c-203.9,88.3-263.1-34-320.3,0C66,119.1,0,59.7,0,59.7V0h1000v59.7 c0,0-62.1,26.1-94.9,29.3c-32.8,3.3-62.8-12.3-75.8-22.1C806,49.6,745.3,8.7,694.9,4.7S492.4,59,473,67.3z\"\/>\n\t<path class=\"elementor-shape-fill\" opacity=\"0.66\" d=\"M734,67.3c-45.5,0-77.2-23.2-129.1-39.1c-28.6-8.7-150.3-10.1-254,39.1 s-91.7-34.4-149.2,0C115.7,118.3,0,39.8,0,39.8V0h1000v36.5c0,0-28.2-18.5-92.1-18.5C810.2,18.1,775.7,67.3,734,67.3z\"\/>\n\t<path class=\"elementor-shape-fill\" d=\"M766.1,28.9c-200-57.5-266,65.5-395.1,19.5C242,1.8,242,5.4,184.8,20.6C128,35.8,132.3,44.9,89.9,52.5C28.6,63.7,0,0,0,0 h1000c0,0-9.9,40.9-83.6,48.1S829.6,47,766.1,28.9z\"\/>\n<\/svg>\t\t<\/div>\n\t\t\t\t<div class=\"elementor-shape elementor-shape-bottom\" aria-hidden=\"true\" data-negative=\"false\">\n\t\t\t<svg xmlns=\"http:\/\/www.w3.org\/2000\/svg\" viewBox=\"0 0 1000 100\" preserveAspectRatio=\"none\">\n\t<path class=\"elementor-shape-fill\" opacity=\"0.33\" d=\"M473,67.3c-203.9,88.3-263.1-34-320.3,0C66,119.1,0,59.7,0,59.7V0h1000v59.7 c0,0-62.1,26.1-94.9,29.3c-32.8,3.3-62.8-12.3-75.8-22.1C806,49.6,745.3,8.7,694.9,4.7S492.4,59,473,67.3z\"\/>\n\t<path class=\"elementor-shape-fill\" opacity=\"0.66\" d=\"M734,67.3c-45.5,0-77.2-23.2-129.1-39.1c-28.6-8.7-150.3-10.1-254,39.1 s-91.7-34.4-149.2,0C115.7,118.3,0,39.8,0,39.8V0h1000v36.5c0,0-28.2-18.5-92.1-18.5C810.2,18.1,775.7,67.3,734,67.3z\"\/>\n\t<path class=\"elementor-shape-fill\" d=\"M766.1,28.9c-200-57.5-266,65.5-395.1,19.5C242,1.8,242,5.4,184.8,20.6C128,35.8,132.3,44.9,89.9,52.5C28.6,63.7,0,0,0,0 h1000c0,0-9.9,40.9-83.6,48.1S829.6,47,766.1,28.9z\"\/>\n<\/svg>\t\t<\/div>\n\t\t\t\t\t<div class=\"elementor-container elementor-column-gap-default\">\n\t\t\t\t\t<div class=\"elementor-column elementor-col-100 elementor-top-column elementor-element elementor-element-6ddb21c\" data-id=\"6ddb21c\" data-element_type=\"column\" data-e-type=\"column\" data-settings=\"{&quot;background_background&quot;:&quot;slideshow&quot;,&quot;background_slideshow_gallery&quot;:[{&quot;id&quot;:485,&quot;url&quot;:&quot;https:\\\/\\\/prapi.org\\\/wp-content\\\/uploads\\\/2020\\\/04\\\/Logo-AMARILLO-scaled.jpg&quot;},{&quot;id&quot;:662,&quot;url&quot;:&quot;https:\\\/\\\/prapi.org\\\/wp-content\\\/uploads\\\/2021\\\/01\\\/Captura-de-pantalla-2021-01-03-a-las-17.46.39.png&quot;},{&quot;id&quot;:641,&quot;url&quot;:&quot;https:\\\/\\\/prapi.org\\\/wp-content\\\/uploads\\\/2021\\\/01\\\/Captura-de-pantalla-2021-01-03-a-las-14.09.47.png&quot;},{&quot;id&quot;:643,&quot;url&quot;:&quot;https:\\\/\\\/prapi.org\\\/wp-content\\\/uploads\\\/2021\\\/01\\\/Captura-de-pantalla-2021-01-03-a-las-14.10.39.png&quot;},{&quot;id&quot;:642,&quot;url&quot;:&quot;https:\\\/\\\/prapi.org\\\/wp-content\\\/uploads\\\/2021\\\/01\\\/Captura-de-pantalla-2021-01-03-a-las-14.10.01.png&quot;}],&quot;background_slideshow_slide_duration&quot;:4000,&quot;background_slideshow_transition_duration&quot;:1000,&quot;background_slideshow_loop&quot;:&quot;yes&quot;,&quot;background_slideshow_slide_transition&quot;:&quot;fade&quot;}\">\n\t\t\t<div class=\"elementor-widget-wrap elementor-element-populated\">\n\t\t\t\t\t\t\t<\/div>\n\t\t<\/div>\n\t\t\t\t\t<\/div>\n\t\t<\/section>\n\t\t\t\t<section class=\"elementor-section elementor-top-section elementor-element elementor-element-b89bd57 elementor-section-boxed elementor-section-height-default elementor-section-height-default\" data-id=\"b89bd57\" data-element_type=\"section\" data-e-type=\"section\" data-settings=\"{&quot;background_background&quot;:&quot;classic&quot;}\">\n\t\t\t\t\t\t<div class=\"elementor-container elementor-column-gap-default\">\n\t\t\t\t\t<div class=\"elementor-column elementor-col-100 elementor-top-column elementor-element elementor-element-262f939\" data-id=\"262f939\" data-element_type=\"column\" data-e-type=\"column\">\n\t\t\t<div class=\"elementor-widget-wrap elementor-element-populated\">\n\t\t\t\t\t\t<div class=\"elementor-element elementor-element-fd1246c elementor-widget elementor-widget-text-editor\" data-id=\"fd1246c\" data-element_type=\"widget\" data-e-type=\"widget\" data-widget_type=\"text-editor.default\">\n\t\t\t\t<div class=\"elementor-widget-container\">\n\t\t\t\t\t\t\t\t\t<p><strong>Depende de los 2<\/strong> es un proyecto educativo de los centros CRA Alto G\u00e1llego y CEIP Puente Sardas que surge con el objetivo de trabajar la igualdad y la coeducaci\u00f3n en el aula.\u00a0<span style=\"color: var(--nv-text-color); font-family: Nunito Sans, var(--nv-fallback-ff);\">Se trata de un trabajo interdisciplinar para llevar a cabo desde las \u00e1reas de M\u00fasica, Pl\u00e1stica, Educaci\u00f3n F\u00edsica, Lengua y en el \u00e1mbito de la tutor\u00eda.<\/span><\/p>\t\t\t\t\t\t\t\t<\/div>\n\t\t\t\t<\/div>\n\t\t\t\t\t<\/div>\n\t\t<\/div>\n\t\t\t\t\t<\/div>\n\t\t<\/section>\n\t\t\t\t<section class=\"elementor-section elementor-top-section elementor-element elementor-element-45d9611 elementor-section-full_width elementor-section-height-default elementor-section-height-default\" data-id=\"45d9611\" data-element_type=\"section\" data-e-type=\"section\" data-settings=\"{&quot;background_background&quot;:&quot;classic&quot;}\">\n\t\t\t\t\t\t<div class=\"elementor-container elementor-column-gap-default\">\n\t\t\t\t\t<div class=\"elementor-column elementor-col-100 elementor-top-column elementor-element elementor-element-48070b1\" data-id=\"48070b1\" data-element_type=\"column\" data-e-type=\"column\">\n\t\t\t<div class=\"elementor-widget-wrap elementor-element-populated\">\n\t\t\t\t\t\t<section class=\"elementor-section elementor-inner-section elementor-element elementor-element-5728842 elementor-section-boxed elementor-section-height-default elementor-section-height-default\" data-id=\"5728842\" data-element_type=\"section\" data-e-type=\"section\">\n\t\t\t\t\t\t<div class=\"elementor-container elementor-column-gap-default\">\n\t\t\t\t\t<div class=\"elementor-column elementor-col-50 elementor-inner-column elementor-element elementor-element-ff13cdb\" data-id=\"ff13cdb\" data-element_type=\"column\" data-e-type=\"column\">\n\t\t\t<div class=\"elementor-widget-wrap elementor-element-populated\">\n\t\t\t\t\t\t<div class=\"elementor-element elementor-element-a19fe38 elementor-widget elementor-widget-text-editor\" data-id=\"a19fe38\" data-element_type=\"widget\" data-e-type=\"widget\" data-widget_type=\"text-editor.default\">\n\t\t\t\t<div class=\"elementor-widget-container\">\n\t\t\t\t\t\t\t\t\t<p>En la web <span style=\"text-decoration: underline;\"><strong><a href=\"https:\/\/www.dependedelos2.com\/\" target=\"_blank\" rel=\"noopener\">dependedelos2.com<\/a><\/strong><\/span>\u00a0podr\u00e1s encontrar muchas m\u00e1s informaci\u00f3n sobre este proyecto as\u00ed como multitud de materiales para trabajarlo en el aula.<\/p>\t\t\t\t\t\t\t\t<\/div>\n\t\t\t\t<\/div>\n\t\t\t\t<div class=\"elementor-element elementor-element-eb9f85c elementor-align-center elementor-widget elementor-widget-button\" data-id=\"eb9f85c\" data-element_type=\"widget\" data-e-type=\"widget\" data-widget_type=\"button.default\">\n\t\t\t\t<div class=\"elementor-widget-container\">\n\t\t\t\t\t\t\t\t\t<div class=\"elementor-button-wrapper\">\n\t\t\t\t\t<a class=\"elementor-button elementor-button-link elementor-size-xl\" href=\"https:\/\/www.dependedelos2.com\/\" target=\"_blank\">\n\t\t\t\t\t\t<span class=\"elementor-button-content-wrapper\">\n\t\t\t\t\t\t<span class=\"elementor-button-icon\">\n\t\t\t\t<i aria-hidden=\"true\" class=\"far fa-hand-point-right\"><\/i>\t\t\t<\/span>\n\t\t\t\t\t\t\t\t\t<span class=\"elementor-button-text\">Ir a dependedelos2.com<\/span>\n\t\t\t\t\t<\/span>\n\t\t\t\t\t<\/a>\n\t\t\t\t<\/div>\n\t\t\t\t\t\t\t\t<\/div>\n\t\t\t\t<\/div>\n\t\t\t\t\t<\/div>\n\t\t<\/div>\n\t\t\t\t<div class=\"elementor-column elementor-col-50 elementor-inner-column elementor-element elementor-element-72526cf\" data-id=\"72526cf\" data-element_type=\"column\" data-e-type=\"column\">\n\t\t\t<div class=\"elementor-widget-wrap elementor-element-populated\">\n\t\t\t\t\t\t<div class=\"elementor-element elementor-element-6d60c5c elementor-widget elementor-widget-video\" data-id=\"6d60c5c\" data-element_type=\"widget\" data-e-type=\"widget\" data-settings=\"{&quot;youtube_url&quot;:&quot;https:\\\/\\\/www.youtube.com\\\/watch?v=eiCAK4FkKRU&quot;,&quot;loop&quot;:&quot;yes&quot;,&quot;video_type&quot;:&quot;youtube&quot;,&quot;controls&quot;:&quot;yes&quot;}\" data-widget_type=\"video.default\">\n\t\t\t\t<div class=\"elementor-widget-container\">\n\t\t\t\t\t\t\t<div class=\"elementor-wrapper elementor-open-inline\">\n\t\t\t<div class=\"elementor-video\"><\/div>\t\t<\/div>\n\t\t\t\t\t\t<\/div>\n\t\t\t\t<\/div>\n\t\t\t\t\t<\/div>\n\t\t<\/div>\n\t\t\t\t\t<\/div>\n\t\t<\/section>\n\t\t\t\t\t<\/div>\n\t\t<\/div>\n\t\t\t\t\t<\/div>\n\t\t<\/section>\n\t\t\t\t<section class=\"elementor-section elementor-top-section elementor-element elementor-element-e5292ac elementor-section-boxed elementor-section-height-default elementor-section-height-default\" data-id=\"e5292ac\" data-element_type=\"section\" data-e-type=\"section\">\n\t\t\t\t\t\t<div class=\"elementor-container elementor-column-gap-default\">\n\t\t\t\t\t<div class=\"elementor-column elementor-col-100 elementor-top-column elementor-element elementor-element-696a60e\" data-id=\"696a60e\" data-element_type=\"column\" data-e-type=\"column\">\n\t\t\t<div class=\"elementor-widget-wrap\">\n\t\t\t\t\t\t\t<\/div>\n\t\t<\/div>\n\t\t\t\t\t<\/div>\n\t\t<\/section>\n\t\t\t\t<\/div>\n\t\t","protected":false},"excerpt":{"rendered":"<p>Depende de los 2 Depende de los 2 es un proyecto educativo de los centros CRA Alto G\u00e1llego y CEIP Puente Sardas que surge con el objetivo de trabajar la igualdad y la coeducaci\u00f3n en el aula.&nbsp;Se trata de un trabajo interdisciplinar para llevar a cabo desde las \u00e1reas de M\u00fasica, Pl\u00e1stica, Educaci\u00f3n F\u00edsica, Lengua&hellip;&nbsp;<a href=\"https:\/\/prapi.org\/index.php\/proyectos\/depende-de-los-2\/\" rel=\"bookmark\">Leer m\u00e1s &raquo;<span class=\"screen-reader-text\">Depende de los 2<\/span><\/a><\/p>\n","protected":false},"author":1,"featured_media":0,"parent":553,"menu_order":0,"comment_status":"closed","ping_status":"closed","template":"elementor_header_footer","meta":{"_eb_attr":"","neve_meta_sidebar":"full-width","neve_meta_container":"","neve_meta_enable_content_width":"on","neve_meta_content_width":100,"neve_meta_title_alignment":"","neve_meta_author_avatar":"","neve_post_elements_order":"","neve_meta_disable_header":"","neve_meta_disable_footer":"","neve_meta_disable_title":"","_themeisle_gutenberg_block_has_review":false,"footnotes":""},"class_list":["post-606","page","type-page","status-publish","hentry"],"yoast_head":"<!-- This site is optimized with the Yoast SEO plugin v27.4 - https:\/\/yoast.com\/product\/yoast-seo-wordpress\/ -->\n<title>Depende de los 2 - Proyectos art\u00edsticos del Pirineo - PRAPI<\/title>\n<meta name=\"robots\" content=\"index, follow, max-snippet:-1, max-image-preview:large, max-video-preview:-1\" \/>\n<link rel=\"canonical\" href=\"https:\/\/prapi.org\/index.php\/proyectos\/depende-de-los-2\/\" \/>\n<meta property=\"og:locale\" content=\"es_ES\" \/>\n<meta property=\"og:type\" content=\"article\" \/>\n<meta property=\"og:title\" content=\"Depende de los 2 - Proyectos art\u00edsticos del Pirineo - PRAPI\" \/>\n<meta property=\"og:description\" content=\"Depende de los 2 Depende de los 2 es un proyecto educativo de los centros CRA Alto G\u00e1llego y CEIP Puente Sardas que surge con el objetivo de trabajar la igualdad y la coeducaci\u00f3n en el aula.&nbsp;Se trata de un trabajo interdisciplinar para llevar a cabo desde las \u00e1reas de M\u00fasica, Pl\u00e1stica, Educaci\u00f3n F\u00edsica, Lengua&hellip;&nbsp;Leer m\u00e1s &raquo;Depende de los 2\" \/>\n<meta property=\"og:url\" content=\"https:\/\/prapi.org\/index.php\/proyectos\/depende-de-los-2\/\" \/>\n<meta property=\"og:site_name\" content=\"Proyectos art\u00edsticos del Pirineo - PRAPI\" \/>\n<meta property=\"article:modified_time\" content=\"2021-01-03T16:51:19+00:00\" \/>\n<meta name=\"twitter:card\" content=\"summary_large_image\" \/>\n<meta name=\"twitter:label1\" content=\"Tiempo de lectura\" \/>\n\t<meta name=\"twitter:data1\" content=\"1 minuto\" \/>\n<script type=\"application\/ld+json\" class=\"yoast-schema-graph\">{\"@context\":\"https:\\\/\\\/schema.org\",\"@graph\":[{\"@type\":\"WebPage\",\"@id\":\"https:\\\/\\\/prapi.org\\\/index.php\\\/proyectos\\\/depende-de-los-2\\\/\",\"url\":\"https:\\\/\\\/prapi.org\\\/index.php\\\/proyectos\\\/depende-de-los-2\\\/\",\"name\":\"Depende de los 2 - Proyectos art\u00edsticos del Pirineo - PRAPI\",\"isPartOf\":{\"@id\":\"https:\\\/\\\/prapi.org\\\/#website\"},\"datePublished\":\"2021-01-03T12:56:30+00:00\",\"dateModified\":\"2021-01-03T16:51:19+00:00\",\"breadcrumb\":{\"@id\":\"https:\\\/\\\/prapi.org\\\/index.php\\\/proyectos\\\/depende-de-los-2\\\/#breadcrumb\"},\"inLanguage\":\"es\",\"potentialAction\":[{\"@type\":\"ReadAction\",\"target\":[\"https:\\\/\\\/prapi.org\\\/index.php\\\/proyectos\\\/depende-de-los-2\\\/\"]}]},{\"@type\":\"BreadcrumbList\",\"@id\":\"https:\\\/\\\/prapi.org\\\/index.php\\\/proyectos\\\/depende-de-los-2\\\/#breadcrumb\",\"itemListElement\":[{\"@type\":\"ListItem\",\"position\":1,\"name\":\"Portada\",\"item\":\"https:\\\/\\\/prapi.org\\\/\"},{\"@type\":\"ListItem\",\"position\":2,\"name\":\"Proyectos\",\"item\":\"https:\\\/\\\/prapi.org\\\/index.php\\\/proyectos\\\/\"},{\"@type\":\"ListItem\",\"position\":3,\"name\":\"Depende de los 2\"}]},{\"@type\":\"WebSite\",\"@id\":\"https:\\\/\\\/prapi.org\\\/#website\",\"url\":\"https:\\\/\\\/prapi.org\\\/\",\"name\":\"Proyectos art\u00edsticos del Pirineo - PRAPI\",\"description\":\"Proyectos art\u00edsticos del Pirineo\",\"publisher\":{\"@id\":\"https:\\\/\\\/prapi.org\\\/#organization\"},\"potentialAction\":[{\"@type\":\"SearchAction\",\"target\":{\"@type\":\"EntryPoint\",\"urlTemplate\":\"https:\\\/\\\/prapi.org\\\/?s={search_term_string}\"},\"query-input\":{\"@type\":\"PropertyValueSpecification\",\"valueRequired\":true,\"valueName\":\"search_term_string\"}}],\"inLanguage\":\"es\"},{\"@type\":\"Organization\",\"@id\":\"https:\\\/\\\/prapi.org\\\/#organization\",\"name\":\"PROYECTOS ARTISTICOS DEL PIRINEO\",\"url\":\"https:\\\/\\\/prapi.org\\\/\",\"logo\":{\"@type\":\"ImageObject\",\"inLanguage\":\"es\",\"@id\":\"https:\\\/\\\/prapi.org\\\/#\\\/schema\\\/logo\\\/image\\\/\",\"url\":\"https:\\\/\\\/prapi.org\\\/wp-content\\\/uploads\\\/2020\\\/03\\\/Logo-PRAPI-color.png\",\"contentUrl\":\"https:\\\/\\\/prapi.org\\\/wp-content\\\/uploads\\\/2020\\\/03\\\/Logo-PRAPI-color.png\",\"width\":961,\"height\":533,\"caption\":\"PROYECTOS ARTISTICOS DEL PIRINEO\"},\"image\":{\"@id\":\"https:\\\/\\\/prapi.org\\\/#\\\/schema\\\/logo\\\/image\\\/\"},\"sameAs\":[\"https:\\\/\\\/www.youtube.com\\\/channel\\\/UCAzWarUlFqye_FDXCj2ETgw\"]}]}<\/script>\n<!-- \/ Yoast SEO plugin. -->","yoast_head_json":{"title":"Depende de los 2 - Proyectos art\u00edsticos del Pirineo - PRAPI","robots":{"index":"index","follow":"follow","max-snippet":"max-snippet:-1","max-image-preview":"max-image-preview:large","max-video-preview":"max-video-preview:-1"},"canonical":"https:\/\/prapi.org\/index.php\/proyectos\/depende-de-los-2\/","og_locale":"es_ES","og_type":"article","og_title":"Depende de los 2 - Proyectos art\u00edsticos del Pirineo - PRAPI","og_description":"Depende de los 2 Depende de los 2 es un proyecto educativo de los centros CRA Alto G\u00e1llego y CEIP Puente Sardas que surge con el objetivo de trabajar la igualdad y la coeducaci\u00f3n en el aula.&nbsp;Se trata de un trabajo interdisciplinar para llevar a cabo desde las \u00e1reas de M\u00fasica, Pl\u00e1stica, Educaci\u00f3n F\u00edsica, Lengua&hellip;&nbsp;Leer m\u00e1s &raquo;Depende de los 2","og_url":"https:\/\/prapi.org\/index.php\/proyectos\/depende-de-los-2\/","og_site_name":"Proyectos art\u00edsticos del Pirineo - PRAPI","article_modified_time":"2021-01-03T16:51:19+00:00","twitter_card":"summary_large_image","twitter_misc":{"Tiempo de lectura":"1 minuto"},"schema":{"@context":"https:\/\/schema.org","@graph":[{"@type":"WebPage","@id":"https:\/\/prapi.org\/index.php\/proyectos\/depende-de-los-2\/","url":"https:\/\/prapi.org\/index.php\/proyectos\/depende-de-los-2\/","name":"Depende de los 2 - Proyectos art\u00edsticos del Pirineo - PRAPI","isPartOf":{"@id":"https:\/\/prapi.org\/#website"},"datePublished":"2021-01-03T12:56:30+00:00","dateModified":"2021-01-03T16:51:19+00:00","breadcrumb":{"@id":"https:\/\/prapi.org\/index.php\/proyectos\/depende-de-los-2\/#breadcrumb"},"inLanguage":"es","potentialAction":[{"@type":"ReadAction","target":["https:\/\/prapi.org\/index.php\/proyectos\/depende-de-los-2\/"]}]},{"@type":"BreadcrumbList","@id":"https:\/\/prapi.org\/index.php\/proyectos\/depende-de-los-2\/#breadcrumb","itemListElement":[{"@type":"ListItem","position":1,"name":"Portada","item":"https:\/\/prapi.org\/"},{"@type":"ListItem","position":2,"name":"Proyectos","item":"https:\/\/prapi.org\/index.php\/proyectos\/"},{"@type":"ListItem","position":3,"name":"Depende de los 2"}]},{"@type":"WebSite","@id":"https:\/\/prapi.org\/#website","url":"https:\/\/prapi.org\/","name":"Proyectos art\u00edsticos del Pirineo - PRAPI","description":"Proyectos art\u00edsticos del Pirineo","publisher":{"@id":"https:\/\/prapi.org\/#organization"},"potentialAction":[{"@type":"SearchAction","target":{"@type":"EntryPoint","urlTemplate":"https:\/\/prapi.org\/?s={search_term_string}"},"query-input":{"@type":"PropertyValueSpecification","valueRequired":true,"valueName":"search_term_string"}}],"inLanguage":"es"},{"@type":"Organization","@id":"https:\/\/prapi.org\/#organization","name":"PROYECTOS ARTISTICOS DEL PIRINEO","url":"https:\/\/prapi.org\/","logo":{"@type":"ImageObject","inLanguage":"es","@id":"https:\/\/prapi.org\/#\/schema\/logo\/image\/","url":"https:\/\/prapi.org\/wp-content\/uploads\/2020\/03\/Logo-PRAPI-color.png","contentUrl":"https:\/\/prapi.org\/wp-content\/uploads\/2020\/03\/Logo-PRAPI-color.png","width":961,"height":533,"caption":"PROYECTOS ARTISTICOS DEL PIRINEO"},"image":{"@id":"https:\/\/prapi.org\/#\/schema\/logo\/image\/"},"sameAs":["https:\/\/www.youtube.com\/channel\/UCAzWarUlFqye_FDXCj2ETgw"]}]}},"_links":{"self":[{"href":"https:\/\/prapi.org\/index.php\/wp-json\/wp\/v2\/pages\/606","targetHints":{"allow":["GET"]}}],"collection":[{"href":"https:\/\/prapi.org\/index.php\/wp-json\/wp\/v2\/pages"}],"about":[{"href":"https:\/\/prapi.org\/index.php\/wp-json\/wp\/v2\/types\/page"}],"author":[{"embeddable":true,"href":"https:\/\/prapi.org\/index.php\/wp-json\/wp\/v2\/users\/1"}],"replies":[{"embeddable":true,"href":"https:\/\/prapi.org\/index.php\/wp-json\/wp\/v2\/comments?post=606"}],"version-history":[{"count":0,"href":"https:\/\/prapi.org\/index.php\/wp-json\/wp\/v2\/pages\/606\/revisions"}],"up":[{"embeddable":true,"href":"https:\/\/prapi.org\/index.php\/wp-json\/wp\/v2\/pages\/553"}],"wp:attachment":[{"href":"https:\/\/prapi.org\/index.php\/wp-json\/wp\/v2\/media?parent=606"}],"curies":[{"name":"wp","href":"https:\/\/api.w.org\/{rel}","templated":true}]}}